{"id":9171,"date":"2022-07-06T18:35:34","date_gmt":"2022-07-06T16:35:34","guid":{"rendered":"https:\/\/powerbim.io\/politica-de-privacidad\/"},"modified":"2023-05-26T12:49:50","modified_gmt":"2023-05-26T10:49:50","slug":"politica-de-privacidad","status":"publish","type":"page","link":"https:\/\/powerbim.io\/es\/politica-de-privacidad\/","title":{"rendered":"Pol\u00edtica de privacidad"},"content":{"rendered":"\t\t<div data-elementor-type=\"wp-page\" data-elementor-id=\"9171\" class=\"elementor elementor-9171 elementor-742\" data-elementor-post-type=\"page\">\n\t\t\t\t\t\t<section data-particle_enable=\"false\" data-particle-mobile-disabled=\"false\" class=\"elementor-section elementor-top-section elementor-element elementor-element-76214a2 elementor-section-boxed elementor-section-height-default elementor-section-height-default\" data-id=\"76214a2\" data-element_type=\"section\">\n\t\t\t\t\t\t<div class=\"elementor-container elementor-column-gap-default\">\n\t\t\t\t\t<div class=\"elementor-column elementor-col-100 elementor-top-column elementor-element elementor-element-31d847f\" data-id=\"31d847f\" data-element_type=\"column\">\n\t\t\t<div class=\"elementor-widget-wrap elementor-element-populated\">\n\t\t\t\t\t\t<div class=\"elementor-element elementor-element-7f6f0ec elementor-widget elementor-widget-text-editor\" data-id=\"7f6f0ec\" data-element_type=\"widget\" data-widget_type=\"text-editor.default\">\n\t\t\t\t<div class=\"elementor-widget-container\">\n\t\t\t\t\t\t\t\t\t<h2 class=\"privacy-policy-h1\">Pol\u00edtica de privacidad<\/h2>\n<p class=\"privacy-policy-h1\">\u00daltima actualizaci\u00f3n: 13-feb-2023\nFecha de entrada en vigor 13-Feb-2023<\/p>\n<p class=\"privacy-policy-p\">Esta pol\u00edtica de privacidad describe las pol\u00edticas de<\/p>\n<b>POWERBIM S.L.,\nRonda General Mitre 200 7\u00ba 2\u00aa,\nBarcelona\n08006,\nEspa\u00f1a,\nCorreo electr\u00f3nico: info@powerbim.io,\nTel\u00e9fono +34 935192807<\/b>\n\nsobre la recogida, uso y divulgaci\u00f3n de la informaci\u00f3n que recopilamos cuando usted utiliza nuestro sitio web ( https:\/\/powerbim.io ). el \u00abServicio\u00bb). Al acceder o utilizar el Servicio, usted acepta la recopilaci\u00f3n, el uso y la divulgaci\u00f3n de su informaci\u00f3n de acuerdo con esta Pol\u00edtica de privacidad. Si no da su consentimiento, le rogamos que no acceda al Servicio ni lo utilice.\n<p class=\"privacy-policy-p\">Podemos modificar esta Pol\u00edtica de Privacidad en cualquier momento sin previo aviso y publicaremos la Pol\u00edtica de Privacidad revisada en el Servicio. La Pol\u00edtica revisada entrar\u00e1 en vigor a los 180 d\u00edas de su publicaci\u00f3n en el Servicio y su acceso o uso continuado del Servicio despu\u00e9s de dicho plazo constituir\u00e1 su aceptaci\u00f3n de la Pol\u00edtica de Privacidad revisada. Por ello, le recomendamos que revise peri\u00f3dicamente esta p\u00e1gina.<\/p>\n\n<ol class=\"privacy-policy-ol\">\n \t<li>\n<h3 class=\"privacy-policy-h2\">Informaci\u00f3n que recopilamos:<\/h3>\n<p class=\"privacy-policy-p\">Recopilaremos y procesaremos la siguiente informaci\u00f3n personal sobre usted:<\/p>\n\n<ol class=\"privacy-policy-ol\">\n \t<li>Nombre<\/li>\n \t<li>Email<\/li>\n \t<li>M\u00f3vil<\/li>\n<\/ol>\n<\/li>\n \t<li>\n<h3 class=\"privacy-policy-h2\">C\u00f3mo utilizamos su informaci\u00f3n:<\/h3>\n<p class=\"privacy-policy-p\">Utilizaremos la informaci\u00f3n que recopilemos sobre usted para los siguientes fines:<\/p>\n\n<ol class=\"privacy-policy-ol\">\n \t<li>Marketing\/Promoci\u00f3n<\/li>\n<\/ol>\n<p class=\"privacy-policy-p\">Si queremos utilizar su informaci\u00f3n para cualquier otro fin, le pediremos su consentimiento y utilizaremos su informaci\u00f3n s\u00f3lo cuando recibamos su consentimiento y, en ese caso, s\u00f3lo para el fin o fines para los que otorgamos el consentimiento, a menos que la ley nos obligue a hacer otra cosa.<\/p>\n<\/li>\n \t<li>\n<h3 class=\"privacy-policy-h2\">C\u00f3mo compartimos su informaci\u00f3n:<\/h3>\n<p class=\"privacy-policy-p\">No transferiremos su informaci\u00f3n personal a terceros sin solicitar su consentimiento, excepto en las circunstancias limitadas que se describen a continuaci\u00f3n:<\/p>\n\n<ol class=\"privacy-policy-ol\">\n \t<li>Anal\u00edtica<\/li>\n<\/ol>\n<p class=\"privacy-policy-p\">Exigimos a dichos terceros que utilicen la informaci\u00f3n personal que les transferimos \u00fanicamente para el fin para el que fue transferida y que no la conserven durante m\u00e1s tiempo del necesario para cumplir dicho fin.<\/p>\n<p class=\"privacy-policy-p\">Tambi\u00e9n podemos revelar su informaci\u00f3n personal para lo siguiente: (1) para cumplir con la legislaci\u00f3n aplicable, reglamentos, \u00f3rdenes judiciales u otros procesos legales; (2) para hacer cumplir sus acuerdos con nosotros, incluyendo esta Pol\u00edtica de Privacidad; o (3) para responder a reclamaciones de que su uso del Servicio viola cualquier derecho de terceros. Si el Servicio o nuestra empresa se fusionan o adquieren con otra empresa, su informaci\u00f3n ser\u00e1 uno de los activos que se transfieran al nuevo propietario.<\/p>\n<\/li>\n \t<li>\n<h3 class=\"privacy-policy-h3\">Conservaci\u00f3n de su informaci\u00f3n:<\/h2>\n<p class=\"privacy-policy-p\">Conservaremos su informaci\u00f3n personal entre 90 d\u00edas y 2 a\u00f1os despu\u00e9s de que los usuarios cancelen sus cuentas o mientras la necesitemos para cumplir los fines para los que fue recopilada, tal y como se detalla en esta Pol\u00edtica de privacidad. Es posible que necesitemos conservar determinada informaci\u00f3n durante periodos m\u00e1s largos, como el mantenimiento de registros o la elaboraci\u00f3n de informes de conformidad con la legislaci\u00f3n aplicable, o por otros motivos leg\u00edtimos, como el ejercicio de derechos legales, la prevenci\u00f3n del fraude, etc. La informaci\u00f3n an\u00f3nima residual y la informaci\u00f3n agregada, ninguna de las cuales le identifica (directa o indirectamente), pueden almacenarse indefinidamente.<\/p>\n<\/li>\n \t<li>\n<h3 class=\"privacy-policy-h3\">Sus derechos:<\/h2>\n<p class=\"privacy-policy-p\">En funci\u00f3n de la legislaci\u00f3n aplicable, puede tener derecho a acceder a sus datos personales y rectificarlos o borrarlos, o a recibir una copia de los mismos, a limitar el tratamiento activo de sus datos o a oponerse a \u00e9l, a pedirnos que compartamos (portemos) su informaci\u00f3n personal con otra entidad, a retirar cualquier consentimiento que nos haya dado para tratar sus datos, a presentar una reclamaci\u00f3n ante una autoridad legal y a cualquier otro derecho que pueda corresponderle en virtud de la legislaci\u00f3n aplicable. Para ejercer estos derechos, puede escribirnos a web-admin@powerbim.io. Responderemos a su solicitud de conformidad con la legislaci\u00f3n aplicable.<\/p>\n<p class=\"privacy-policy-p\">Puede darse de baja de las comunicaciones de marketing directo o de la elaboraci\u00f3n de perfiles que llevamos a cabo con fines de marketing escribi\u00e9ndonos a info@powerbim.io.<\/p>\n<p class=\"privacy-policy-p\">Tenga en cuenta que si no nos permite recopilar o procesar la informaci\u00f3n personal requerida o retira el consentimiento para procesar la misma para los fines requeridos, es posible que no pueda acceder o utilizar los servicios para los que se solicit\u00f3 su informaci\u00f3n.<\/p>\n<\/li>\n \t<li>\n<h3 class=\"privacy-policy-h3\">Cookies Etc.<\/h2>\nPara obtener m\u00e1s informaci\u00f3n sobre c\u00f3mo las utilizamos y sus opciones en relaci\u00f3n con estas tecnolog\u00edas de seguimiento, consulte nuestra <a href=\"https:\/\/powerbim.io\/es\/cookies\/\">Pol\u00edtica de cookies.<\/a><\/li>\n \t<li>\n<h3 class=\"privacy-policy-h3\">Seguridad:<\/h2>\n<p class=\"privacy-policy-p\">La seguridad de su informaci\u00f3n es importante para nosotros y utilizaremos medidas de seguridad razonables para evitar la p\u00e9rdida, el uso indebido o la alteraci\u00f3n no autorizada de su informaci\u00f3n bajo nuestro control. Sin embargo, dados los riesgos inherentes, no podemos garantizar una seguridad absoluta y, en consecuencia, no podemos asegurar o garantizar la seguridad de cualquier informaci\u00f3n que nos transmita y usted lo hace bajo su propia responsabilidad.<\/p>\n<\/li>\n \t<li>\n<h3 class=\"privacy-policy-h3\">Enlaces de terceros y uso de su informaci\u00f3n:<\/h2>\n<p class=\"privacy-policy-p\">Nuestro Servicio puede contener enlaces a otros sitios web que no son operados por nosotros. Esta Pol\u00edtica de Privacidad no aborda la pol\u00edtica de privacidad y otras pr\u00e1cticas de terceros, incluyendo cualquier tercero que opere cualquier sitio web o servicio que pueda ser accesible a trav\u00e9s de un enlace en el Servicio. Le recomendamos encarecidamente que revise la pol\u00edtica de privacidad de cada sitio que visite. No tenemos ning\u00fan control ni asumimos ninguna responsabilidad por el contenido, las pol\u00edticas de privacidad o las pr\u00e1cticas de los sitios o servicios de terceros.<\/p>\n<\/li>\n \t<li>\n<h3 class=\"privacy-policy-h3\">Responsable de quejas y protecci\u00f3n de datos:<\/h2>\n<p class=\"privacy-policy-p\">Si tiene alguna pregunta o duda sobre el tratamiento de la informaci\u00f3n de que disponemos, puede enviar un correo electr\u00f3nico a nuestro responsable de quejas a\nPOWERBIM S.L.,\nRonda General Mitre 200 7\u00ba 2\u00aa,\nCorreo electr\u00f3nico: info@powerbim.io.\nAbordaremos sus preocupaciones de conformidad con la legislaci\u00f3n aplicable.<\/p>\n<\/li>\n<\/ol>\t\t\t\t\t\t\t\t<\/div>\n\t\t\t\t<\/div>\n\t\t\t\t\t<\/div>\n\t\t<\/div>\n\t\t\t\t\t<\/div>\n\t\t<\/section>\n\t\t\t\t<\/div>\n\t\t","protected":false},"excerpt":{"rendered":"<p>Pol\u00edtica de privacidad \u00daltima actualizaci\u00f3n: 13-feb-2023 Fecha de entrada en vigor 13-Feb-2023 Esta pol\u00edtica de privacidad describe las pol\u00edticas de POWERBIM S.L., Ronda General Mitre 200 7\u00ba 2\u00aa, Barcelona 08006, Espa\u00f1a, Correo electr\u00f3nico: info@powerbim.io, Tel\u00e9fono +34 935192807 sobre la recogida, uso y divulgaci\u00f3n de la informaci\u00f3n que recopilamos cuando usted utiliza nuestro sitio web ( [&hellip;]<\/p>\n","protected":false},"author":6,"featured_media":0,"parent":0,"menu_order":10,"comment_status":"closed","ping_status":"closed","template":"elementor_header_footer","meta":{"ocean_post_layout":"","ocean_both_sidebars_style":"","ocean_both_sidebars_content_width":0,"ocean_both_sidebars_sidebars_width":0,"ocean_sidebar":"0","ocean_second_sidebar":"0","ocean_disable_margins":"enable","ocean_add_body_class":"","ocean_shortcode_before_top_bar":"","ocean_shortcode_after_top_bar":"","ocean_shortcode_before_header":"","ocean_shortcode_after_header":"","ocean_has_shortcode":"","ocean_shortcode_after_title":"","ocean_shortcode_before_footer_widgets":"","ocean_shortcode_after_footer_widgets":"","ocean_shortcode_before_footer_bottom":"","ocean_shortcode_after_footer_bottom":"","ocean_display_top_bar":"default","ocean_display_header":"default","ocean_header_style":"","ocean_center_header_left_menu":"0","ocean_custom_header_template":"0","ocean_custom_logo":0,"ocean_custom_retina_logo":0,"ocean_custom_logo_max_width":0,"ocean_custom_logo_tablet_max_width":0,"ocean_custom_logo_mobile_max_width":0,"ocean_custom_logo_max_height":0,"ocean_custom_logo_tablet_max_height":0,"ocean_custom_logo_mobile_max_height":0,"ocean_header_custom_menu":"0","ocean_menu_typo_font_family":"0","ocean_menu_typo_font_subset":"","ocean_menu_typo_font_size":0,"ocean_menu_typo_font_size_tablet":0,"ocean_menu_typo_font_size_mobile":0,"ocean_menu_typo_font_size_unit":"px","ocean_menu_typo_font_weight":"","ocean_menu_typo_font_weight_tablet":"","ocean_menu_typo_font_weight_mobile":"","ocean_menu_typo_transform":"","ocean_menu_typo_transform_tablet":"","ocean_menu_typo_transform_mobile":"","ocean_menu_typo_line_height":0,"ocean_menu_typo_line_height_tablet":0,"ocean_menu_typo_line_height_mobile":0,"ocean_menu_typo_line_height_unit":"","ocean_menu_typo_spacing":0,"ocean_menu_typo_spacing_tablet":0,"ocean_menu_typo_spacing_mobile":0,"ocean_menu_typo_spacing_unit":"","ocean_menu_link_color":"","ocean_menu_link_color_hover":"","ocean_menu_link_color_active":"","ocean_menu_link_background":"","ocean_menu_link_hover_background":"","ocean_menu_link_active_background":"","ocean_menu_social_links_bg":"","ocean_menu_social_hover_links_bg":"","ocean_menu_social_links_color":"","ocean_menu_social_hover_links_color":"","ocean_disable_title":"default","ocean_disable_heading":"default","ocean_post_title":"","ocean_post_subheading":"","ocean_post_title_style":"","ocean_post_title_background_color":"","ocean_post_title_background":0,"ocean_post_title_bg_image_position":"","ocean_post_title_bg_image_attachment":"","ocean_post_title_bg_image_repeat":"","ocean_post_title_bg_image_size":"","ocean_post_title_height":0,"ocean_post_title_bg_overlay":0.5,"ocean_post_title_bg_overlay_color":"","ocean_disable_breadcrumbs":"default","ocean_breadcrumbs_color":"","ocean_breadcrumbs_separator_color":"","ocean_breadcrumbs_links_color":"","ocean_breadcrumbs_links_hover_color":"","ocean_display_footer_widgets":"default","ocean_display_footer_bottom":"default","ocean_custom_footer_template":"0","footnotes":""},"class_list":["post-9171","page","type-page","status-publish","hentry","entry"],"yoast_head":"<!-- This site is optimized with the Yoast SEO plugin v25.5 - https:\/\/yoast.com\/wordpress\/plugins\/seo\/ -->\n<title>Pol\u00edtica de privacidad - POWERBIM<\/title>\n<meta name=\"robots\" content=\"index, follow, max-snippet:-1, max-image-preview:large, max-video-preview:-1\" \/>\n<link rel=\"canonical\" href=\"https:\/\/powerbim.io\/es\/politica-de-privacidad\/\" \/>\n<meta property=\"og:locale\" content=\"es_ES\" \/>\n<meta property=\"og:type\" content=\"article\" \/>\n<meta property=\"og:title\" content=\"Pol\u00edtica de privacidad - POWERBIM\" \/>\n<meta property=\"og:description\" content=\"Pol\u00edtica de privacidad \u00daltima actualizaci\u00f3n: 13-feb-2023 Fecha de entrada en vigor 13-Feb-2023 Esta pol\u00edtica de privacidad describe las pol\u00edticas de POWERBIM S.L., Ronda General Mitre 200 7\u00ba 2\u00aa, Barcelona 08006, Espa\u00f1a, Correo electr\u00f3nico: info@powerbim.io, Tel\u00e9fono +34 935192807 sobre la recogida, uso y divulgaci\u00f3n de la informaci\u00f3n que recopilamos cuando usted utiliza nuestro sitio web ( [&hellip;]\" \/>\n<meta property=\"og:url\" content=\"https:\/\/powerbim.io\/es\/politica-de-privacidad\/\" \/>\n<meta property=\"og:site_name\" content=\"POWERBIM\" \/>\n<meta property=\"article:modified_time\" content=\"2023-05-26T10:49:50+00:00\" \/>\n<meta property=\"og:image\" content=\"https:\/\/powerbim.io\/wp-content\/uploads\/2023\/02\/Powerbim_Infographic_Colors_72pp-scaled.jpg\" \/>\n\t<meta property=\"og:image:width\" content=\"2560\" \/>\n\t<meta property=\"og:image:height\" content=\"1704\" \/>\n\t<meta property=\"og:image:type\" content=\"image\/jpeg\" \/>\n<meta name=\"twitter:card\" content=\"summary_large_image\" \/>\n<meta name=\"twitter:site\" content=\"@powerbim\" \/>\n<meta name=\"twitter:label1\" content=\"Tiempo de lectura\" \/>\n\t<meta name=\"twitter:data1\" content=\"5 minutos\" \/>\n<script type=\"application\/ld+json\" class=\"yoast-schema-graph\">{\"@context\":\"https:\/\/schema.org\",\"@graph\":[{\"@type\":\"WebPage\",\"@id\":\"https:\/\/powerbim.io\/es\/politica-de-privacidad\/\",\"url\":\"https:\/\/powerbim.io\/es\/politica-de-privacidad\/\",\"name\":\"Pol\u00edtica de privacidad - POWERBIM\",\"isPartOf\":{\"@id\":\"https:\/\/powerbim.io\/es\/#website\"},\"datePublished\":\"2022-07-06T16:35:34+00:00\",\"dateModified\":\"2023-05-26T10:49:50+00:00\",\"breadcrumb\":{\"@id\":\"https:\/\/powerbim.io\/es\/politica-de-privacidad\/#breadcrumb\"},\"inLanguage\":\"es\",\"potentialAction\":[{\"@type\":\"ReadAction\",\"target\":[\"https:\/\/powerbim.io\/es\/politica-de-privacidad\/\"]}]},{\"@type\":\"BreadcrumbList\",\"@id\":\"https:\/\/powerbim.io\/es\/politica-de-privacidad\/#breadcrumb\",\"itemListElement\":[{\"@type\":\"ListItem\",\"position\":1,\"name\":\"Home\",\"item\":\"https:\/\/powerbim.io\/es\/\"},{\"@type\":\"ListItem\",\"position\":2,\"name\":\"Pol\u00edtica de privacidad\"}]},{\"@type\":\"WebSite\",\"@id\":\"https:\/\/powerbim.io\/es\/#website\",\"url\":\"https:\/\/powerbim.io\/es\/\",\"name\":\"POWERBIM\",\"description\":\"Welcome to next level digitaltwins for buildings and infrastructures\",\"publisher\":{\"@id\":\"https:\/\/powerbim.io\/es\/#organization\"},\"potentialAction\":[{\"@type\":\"SearchAction\",\"target\":{\"@type\":\"EntryPoint\",\"urlTemplate\":\"https:\/\/powerbim.io\/es\/?s={search_term_string}\"},\"query-input\":{\"@type\":\"PropertyValueSpecification\",\"valueRequired\":true,\"valueName\":\"search_term_string\"}}],\"inLanguage\":\"es\"},{\"@type\":\"Organization\",\"@id\":\"https:\/\/powerbim.io\/es\/#organization\",\"name\":\"POWERBIM\",\"url\":\"https:\/\/powerbim.io\/es\/\",\"logo\":{\"@type\":\"ImageObject\",\"inLanguage\":\"es\",\"@id\":\"https:\/\/powerbim.io\/es\/#\/schema\/logo\/image\/\",\"url\":\"https:\/\/powerbim.io\/wp-content\/uploads\/2022\/06\/LOGO-POWERBIM_323x50_300pp_BLACK.png\",\"contentUrl\":\"https:\/\/powerbim.io\/wp-content\/uploads\/2022\/06\/LOGO-POWERBIM_323x50_300pp_BLACK.png\",\"width\":323,\"height\":50,\"caption\":\"POWERBIM\"},\"image\":{\"@id\":\"https:\/\/powerbim.io\/es\/#\/schema\/logo\/image\/\"},\"sameAs\":[\"https:\/\/x.com\/powerbim\",\"https:\/\/www.linkedin.com\/company\/powerbim\/\",\"https:\/\/www.instagram.com\/powerbim\/\",\"https:\/\/vimeo.com\/channels\/powerbim\"]}]}<\/script>\n<!-- \/ Yoast SEO plugin. -->","yoast_head_json":{"title":"Pol\u00edtica de privacidad - POWERBIM","robots":{"index":"index","follow":"follow","max-snippet":"max-snippet:-1","max-image-preview":"max-image-preview:large","max-video-preview":"max-video-preview:-1"},"canonical":"https:\/\/powerbim.io\/es\/politica-de-privacidad\/","og_locale":"es_ES","og_type":"article","og_title":"Pol\u00edtica de privacidad - POWERBIM","og_description":"Pol\u00edtica de privacidad \u00daltima actualizaci\u00f3n: 13-feb-2023 Fecha de entrada en vigor 13-Feb-2023 Esta pol\u00edtica de privacidad describe las pol\u00edticas de POWERBIM S.L., Ronda General Mitre 200 7\u00ba 2\u00aa, Barcelona 08006, Espa\u00f1a, Correo electr\u00f3nico: info@powerbim.io, Tel\u00e9fono +34 935192807 sobre la recogida, uso y divulgaci\u00f3n de la informaci\u00f3n que recopilamos cuando usted utiliza nuestro sitio web ( [&hellip;]","og_url":"https:\/\/powerbim.io\/es\/politica-de-privacidad\/","og_site_name":"POWERBIM","article_modified_time":"2023-05-26T10:49:50+00:00","og_image":[{"width":2560,"height":1704,"url":"https:\/\/powerbim.io\/wp-content\/uploads\/2023\/02\/Powerbim_Infographic_Colors_72pp-scaled.jpg","type":"image\/jpeg"}],"twitter_card":"summary_large_image","twitter_site":"@powerbim","twitter_misc":{"Tiempo de lectura":"5 minutos"},"schema":{"@context":"https:\/\/schema.org","@graph":[{"@type":"WebPage","@id":"https:\/\/powerbim.io\/es\/politica-de-privacidad\/","url":"https:\/\/powerbim.io\/es\/politica-de-privacidad\/","name":"Pol\u00edtica de privacidad - POWERBIM","isPartOf":{"@id":"https:\/\/powerbim.io\/es\/#website"},"datePublished":"2022-07-06T16:35:34+00:00","dateModified":"2023-05-26T10:49:50+00:00","breadcrumb":{"@id":"https:\/\/powerbim.io\/es\/politica-de-privacidad\/#breadcrumb"},"inLanguage":"es","potentialAction":[{"@type":"ReadAction","target":["https:\/\/powerbim.io\/es\/politica-de-privacidad\/"]}]},{"@type":"BreadcrumbList","@id":"https:\/\/powerbim.io\/es\/politica-de-privacidad\/#breadcrumb","itemListElement":[{"@type":"ListItem","position":1,"name":"Home","item":"https:\/\/powerbim.io\/es\/"},{"@type":"ListItem","position":2,"name":"Pol\u00edtica de privacidad"}]},{"@type":"WebSite","@id":"https:\/\/powerbim.io\/es\/#website","url":"https:\/\/powerbim.io\/es\/","name":"POWERBIM","description":"Welcome to next level digitaltwins for buildings and infrastructures","publisher":{"@id":"https:\/\/powerbim.io\/es\/#organization"},"potentialAction":[{"@type":"SearchAction","target":{"@type":"EntryPoint","urlTemplate":"https:\/\/powerbim.io\/es\/?s={search_term_string}"},"query-input":{"@type":"PropertyValueSpecification","valueRequired":true,"valueName":"search_term_string"}}],"inLanguage":"es"},{"@type":"Organization","@id":"https:\/\/powerbim.io\/es\/#organization","name":"POWERBIM","url":"https:\/\/powerbim.io\/es\/","logo":{"@type":"ImageObject","inLanguage":"es","@id":"https:\/\/powerbim.io\/es\/#\/schema\/logo\/image\/","url":"https:\/\/powerbim.io\/wp-content\/uploads\/2022\/06\/LOGO-POWERBIM_323x50_300pp_BLACK.png","contentUrl":"https:\/\/powerbim.io\/wp-content\/uploads\/2022\/06\/LOGO-POWERBIM_323x50_300pp_BLACK.png","width":323,"height":50,"caption":"POWERBIM"},"image":{"@id":"https:\/\/powerbim.io\/es\/#\/schema\/logo\/image\/"},"sameAs":["https:\/\/x.com\/powerbim","https:\/\/www.linkedin.com\/company\/powerbim\/","https:\/\/www.instagram.com\/powerbim\/","https:\/\/vimeo.com\/channels\/powerbim"]}]}},"_links":{"self":[{"href":"https:\/\/powerbim.io\/es\/wp-json\/wp\/v2\/pages\/9171","targetHints":{"allow":["GET"]}}],"collection":[{"href":"https:\/\/powerbim.io\/es\/wp-json\/wp\/v2\/pages"}],"about":[{"href":"https:\/\/powerbim.io\/es\/wp-json\/wp\/v2\/types\/page"}],"author":[{"embeddable":true,"href":"https:\/\/powerbim.io\/es\/wp-json\/wp\/v2\/users\/6"}],"replies":[{"embeddable":true,"href":"https:\/\/powerbim.io\/es\/wp-json\/wp\/v2\/comments?post=9171"}],"version-history":[{"count":0,"href":"https:\/\/powerbim.io\/es\/wp-json\/wp\/v2\/pages\/9171\/revisions"}],"wp:attachment":[{"href":"https:\/\/powerbim.io\/es\/wp-json\/wp\/v2\/media?parent=9171"}],"curies":[{"name":"wp","href":"https:\/\/api.w.org\/{rel}","templated":true}]}}